{"id":84,"date":"2026-03-06T22:55:35","date_gmt":"2026-03-06T22:55:35","guid":{"rendered":"https:\/\/dev.imaginativeethnography.org\/?page_id=84"},"modified":"2026-03-13T18:51:37","modified_gmt":"2026-03-13T18:51:37","slug":"imaginings-2","status":"publish","type":"page","link":"https:\/\/dev.imaginativeethnography.org\/?page_id=84","title":{"rendered":"Imaginings"},"content":{"rendered":"\n<h2 class=\"wp-block-heading\"><strong><mark style=\"background-color:rgba(0, 0, 0, 0);color:#1417a8\" class=\"has-inline-color\">Books: A Different Kind of Ethnography<\/mark><\/strong><\/h2>\n\n\n\n<div class=\"wp-block-group alignwide has-global-padding is-layout-constrained wp-block-group-is-layout-constrained\">\n<div class=\"wp-block-group alignfull has-global-padding is-layout-constrained wp-block-group-is-layout-constrained\" style=\"margin-top:0;margin-bottom:0\">\n<div class=\"wp-block-columns alignfull is-layout-flex wp-container-core-columns-is-layout-9c22b1e3 wp-block-columns-is-layout-flex\">\n<div class=\"wp-block-column is-layout-flow wp-block-column-is-layout-flow\" style=\"flex-basis:55%\">\n<div class=\"wp-block-group is-nowrap is-layout-flex wp-container-core-group-is-layout-6c531013 wp-block-group-is-layout-flex\">\n<div style=\"height:41px;width:0px\" aria-hidden=\"true\" class=\"wp-block-spacer wp-container-content-29cb0303\"><\/div>\n\n\n\n<figure class=\"wp-block-image size-full\"><a href=\"https:\/\/utppublishing.com\/doi\/book\/10.3138\/9781442636613\" target=\"_blank\" rel=\" noreferrer noopener\"><img loading=\"lazy\" decoding=\"async\" width=\"961\" height=\"1458\" src=\"https:\/\/dev.imaginativeethnography.org\/wp-content\/uploads\/2026\/03\/IMG_4301.jpg\" alt=\"\" class=\"wp-image-210\" srcset=\"https:\/\/dev.imaginativeethnography.org\/wp-content\/uploads\/2026\/03\/IMG_4301.jpg 961w, https:\/\/dev.imaginativeethnography.org\/wp-content\/uploads\/2026\/03\/IMG_4301-198x300.jpg 198w, https:\/\/dev.imaginativeethnography.org\/wp-content\/uploads\/2026\/03\/IMG_4301-675x1024.jpg 675w, https:\/\/dev.imaginativeethnography.org\/wp-content\/uploads\/2026\/03\/IMG_4301-768x1165.jpg 768w\" sizes=\"auto, (max-width: 961px) 100vw, 961px\" \/><\/a><\/figure>\n<\/div>\n<\/div>\n\n\n\n<div class=\"wp-block-column is-vertically-aligned-center is-layout-flow wp-block-column-is-layout-flow\" style=\"padding-top:var(--wp--preset--spacing--60);padding-right:var(--wp--preset--spacing--60);padding-bottom:var(--wp--preset--spacing--60);padding-left:var(--wp--preset--spacing--60)\">\n<p><em><strong><a href=\"https:\/\/utppublishing.com\/doi\/book\/10.3138\/9781442636613\">A Different Kind of Ethnography: Imaginative Practices and Creative Methodologie<\/a><\/strong><\/em><strong><em><a href=\"https:\/\/utppublishing.com\/doi\/book\/10.3138\/9781442636613\">s<\/a><\/em><\/strong><\/p>\n\n\n\n<p>Building on the sensory ethnographic trend in contemporary sociocultural anthropology, this collection introduces the idea of a different kind of ethnography: an imaginative and creative approach to anthropological inquiry that is collaborative, open-ended, embodied, affective, and experimental.<\/p>\n<\/div>\n<\/div>\n<\/div>\n\n\n\n<div class=\"wp-block-group alignfull is-style-default has-global-padding is-layout-constrained wp-container-core-group-is-layout-82fa407d wp-block-group-is-layout-constrained\" style=\"margin-top:0;margin-bottom:0;padding-top:var(--wp--preset--spacing--80);padding-right:var(--wp--preset--spacing--50);padding-bottom:var(--wp--preset--spacing--80);padding-left:var(--wp--preset--spacing--50)\">\n<div class=\"wp-block-group alignwide is-layout-flow wp-block-group-is-layout-flow\">\n<div class=\"wp-block-columns alignwide is-layout-flex wp-container-core-columns-is-layout-66fad18a wp-block-columns-is-layout-flex\">\n<div class=\"wp-block-column is-vertically-aligned-center is-layout-flow wp-block-column-is-layout-flow\" style=\"flex-basis:55%\">\n<div class=\"wp-block-group is-vertical is-content-justification-left is-nowrap is-layout-flex wp-container-core-group-is-layout-4d5056eb wp-block-group-is-layout-flex\" style=\"min-height:100%\">\n<div class=\"wp-block-group has-global-padding is-layout-constrained wp-container-core-group-is-layout-92b9201d wp-block-group-is-layout-constrained\">\n<h5 class=\"wp-block-heading has-xx-large-font-size\"><strong><a href=\"https:\/\/www.pulaval.com\/livres\/reinventer-l-ethnographie-pratiques-imaginatives-et-methodologies-creatives\"><em>French&nbsp;translation!<\/em><\/a><\/strong><\/h5>\n\n\n\n<p class=\"is-style-text-subtitle is-style-text-subtitle--1\">Ce collectif de recherche traite des m\u00e9thodologies ethnographiques exp\u00e9rimentales et \u00e9mergentes fusionnant les arts cr\u00e9atifs, les m\u00e9dias num\u00e9riques et l\u2019ethnographie sensorielle. Les auteures encouragent le recours \u00e0 une nouvelle \u00e9criture ethnographique dans l\u2019enseignement, la th\u00e9orie et la pratique.<\/p>\n<\/div>\n<\/div>\n<\/div>\n\n\n\n<div class=\"wp-block-column is-vertically-aligned-top is-layout-flow wp-block-column-is-layout-flow\" style=\"flex-basis:45%\">\n<figure class=\"wp-block-image size-full\"><a href=\"https:\/\/www.pulaval.com\/livres\/reinventer-l-ethnographie-pratiques-imaginatives-et-methodologies-creatives\"><img loading=\"lazy\" decoding=\"async\" width=\"960\" height=\"1457\" src=\"https:\/\/dev.imaginativeethnography.org\/wp-content\/uploads\/2026\/03\/IMG_4302.jpg\" alt=\"\" class=\"wp-image-211\" style=\"aspect-ratio:3\/4;object-fit:cover\" srcset=\"https:\/\/dev.imaginativeethnography.org\/wp-content\/uploads\/2026\/03\/IMG_4302.jpg 960w, https:\/\/dev.imaginativeethnography.org\/wp-content\/uploads\/2026\/03\/IMG_4302-198x300.jpg 198w, https:\/\/dev.imaginativeethnography.org\/wp-content\/uploads\/2026\/03\/IMG_4302-675x1024.jpg 675w, https:\/\/dev.imaginativeethnography.org\/wp-content\/uploads\/2026\/03\/IMG_4302-768x1166.jpg 768w\" sizes=\"auto, (max-width: 960px) 100vw, 960px\" \/><\/a><\/figure>\n<\/div>\n<\/div>\n<\/div>\n<\/div>\n<\/div>\n\n\n\n<div class=\"wp-block-cover alignwide wp-duotone-unset-2\"><img decoding=\"async\" class=\"wp-block-cover__image-background wp-image-212\" alt=\"\" src=\"https:\/\/dev.imaginativeethnography.org\/wp-content\/uploads\/2026\/03\/CIE-Logo-C-1-1024x427.jpg\" data-object-fit=\"cover\"\/><span aria-hidden=\"true\" class=\"wp-block-cover__background has-background-dim\"><\/span><div class=\"wp-block-cover__inner-container is-layout-flow wp-block-cover-is-layout-flow\">\n<h6 class=\"wp-block-heading has-text-align-center has-large-font-size\"><strong>New Book Project is coming soon, stay <strong>tuned<\/strong>&nbsp;&#8230;<\/strong><\/h6>\n<\/div><\/div>\n","protected":false},"excerpt":{"rendered":"<p>Books: A Different Kind of Ethnography A Different Kind of Ethnography: Imaginative Practices and Creative Methodologies Building on the sensory ethnographic trend in contemporary sociocultural anthropology, this collection introduces the idea of a different kind of ethnography: an imaginative and creative approach to anthropological inquiry that is collaborative, open-ended, embodied, affective, and experimental. French&nbsp;translation! Ce [&hellip;]<\/p>\n","protected":false},"author":1,"featured_media":0,"parent":0,"menu_order":2,"comment_status":"closed","ping_status":"closed","template":"","meta":{"bgseo_title":"","bgseo_description":"","bgseo_robots_index":"","bgseo_robots_follow":"","footnotes":""},"class_list":["post-84","page","type-page","status-publish","hentry"],"_links":{"self":[{"href":"https:\/\/dev.imaginativeethnography.org\/index.php?rest_route=\/wp\/v2\/pages\/84","targetHints":{"allow":["GET"]}}],"collection":[{"href":"https:\/\/dev.imaginativeethnography.org\/index.php?rest_route=\/wp\/v2\/pages"}],"about":[{"href":"https:\/\/dev.imaginativeethnography.org\/index.php?rest_route=\/wp\/v2\/types\/page"}],"author":[{"embeddable":true,"href":"https:\/\/dev.imaginativeethnography.org\/index.php?rest_route=\/wp\/v2\/users\/1"}],"replies":[{"embeddable":true,"href":"https:\/\/dev.imaginativeethnography.org\/index.php?rest_route=%2Fwp%2Fv2%2Fcomments&post=84"}],"version-history":[{"count":11,"href":"https:\/\/dev.imaginativeethnography.org\/index.php?rest_route=\/wp\/v2\/pages\/84\/revisions"}],"predecessor-version":[{"id":234,"href":"https:\/\/dev.imaginativeethnography.org\/index.php?rest_route=\/wp\/v2\/pages\/84\/revisions\/234"}],"wp:attachment":[{"href":"https:\/\/dev.imaginativeethnography.org\/index.php?rest_route=%2Fwp%2Fv2%2Fmedia&parent=84"}],"curies":[{"name":"wp","href":"https:\/\/api.w.org\/{rel}","templated":true}]}}